{"id":27,"date":"2018-11-08T11:51:14","date_gmt":"2018-11-08T11:51:14","guid":{"rendered":"https:\/\/themes.muffingroup.com\/be\/architect4\/?page_id=27"},"modified":"2020-12-22T20:59:57","modified_gmt":"2020-12-22T20:59:57","slug":"contact","status":"publish","type":"page","link":"https:\/\/www.efamimarlik.com\/en\/contact\/","title":{"rendered":"CONTACT"},"content":{"rendered":"\t\t<div data-elementor-type=\"wp-page\" data-elementor-id=\"27\" class=\"elementor elementor-27\">\n\t\t\t\t\t\t<div class=\"elementor-inner\">\n\t\t\t\t<div class=\"elementor-section-wrap\">\n\t\t\t\t\t\t\t\t\t<section class=\"elementor-section elementor-top-section elementor-element elementor-element-0252093 elementor-section-full_width elementor-section-stretched elementor-section-height-default elementor-section-height-default\" data-id=\"0252093\" data-element_type=\"section\" data-settings=\"{&quot;stretch_section&quot;:&quot;section-stretched&quot;}\">\n\t\t\t\t\t\t<div class=\"elementor-container elementor-column-gap-default\">\n\t\t\t\t\t\t\t<div class=\"elementor-row\">\n\t\t\t\t\t<div class=\"elementor-column elementor-col-100 elementor-top-column elementor-element elementor-element-a8cd41e\" data-id=\"a8cd41e\" data-element_type=\"column\">\n\t\t\t<div class=\"elementor-column-wrap elementor-element-populated\">\n\t\t\t\t\t\t\t<div class=\"elementor-widget-wrap\">\n\t\t\t\t\t\t<div class=\"elementor-element elementor-element-d20892f elementor-widget elementor-widget-google_maps\" data-id=\"d20892f\" data-element_type=\"widget\" data-widget_type=\"google_maps.default\">\n\t\t\t\t<div class=\"elementor-widget-container\">\n\t\t\t\t\t<div class=\"elementor-custom-embed\">\n\t\t\t<iframe frameborder=\"0\" scrolling=\"no\" marginheight=\"0\" marginwidth=\"0\"\n\t\t\t\t\tsrc=\"https:\/\/maps.google.com\/maps?q=Yenibosna%20Merkez%2C%2029%20Ekim%20Cd.%20No%3A87%2C%20Bah%C3%A7elievler%2F%C4%B0stanbul&#038;t=m&#038;z=15&#038;output=embed&#038;iwloc=near\"\n\t\t\t\t\ttitle=\"Yenibosna Merkez, 29 Ekim Cd. No:87, Bah\u00e7elievler\/\u0130stanbul\"\n\t\t\t\t\taria-label=\"Yenibosna Merkez, 29 Ekim Cd. No:87, Bah\u00e7elievler\/\u0130stanbul\"\n\t\t\t><\/iframe>\n\t\t<\/div>\n\t\t\t\t<\/div>\n\t\t\t\t<\/div>\n\t\t\t\t\t\t<\/div>\n\t\t\t\t\t<\/div>\n\t\t<\/div>\n\t\t\t\t\t\t\t\t<\/div>\n\t\t\t\t\t<\/div>\n\t\t<\/section>\n\t\t\t\t<section class=\"elementor-section elementor-top-section elementor-element elementor-element-51a7176 elementor-section-boxed elementor-section-height-default elementor-section-height-default\" data-id=\"51a7176\" data-element_type=\"section\">\n\t\t\t\t\t\t<div class=\"elementor-container elementor-column-gap-default\">\n\t\t\t\t\t\t\t<div class=\"elementor-row\">\n\t\t\t\t\t<div class=\"elementor-column elementor-col-50 elementor-top-column elementor-element elementor-element-bf02a3d\" data-id=\"bf02a3d\" data-element_type=\"column\">\n\t\t\t<div class=\"elementor-column-wrap elementor-element-populated\">\n\t\t\t\t\t\t\t<div class=\"elementor-widget-wrap\">\n\t\t\t\t\t\t<div class=\"elementor-element elementor-element-4474aec elementor-widget elementor-widget-text-editor\" data-id=\"4474aec\" data-element_type=\"widget\" data-widget_type=\"text-editor.default\">\n\t\t\t\t<div class=\"elementor-widget-container\">\n\t\t\t\t\t\t\t\t<div class=\"elementor-text-editor elementor-clearfix\">\n\t\t\t\t<h3 class=\"themecolor\">Main Office<\/h3>\n<p class=\"big\">Yenibosna Merkez Mahallesi\n29 Ekim Caddesi No:9\n\u0130stanbul Vizyon Park Plaza No:5 Kat:6 D: 606-607 Bah\u00e7elievler \u0130stanbul<\/p>\n<hr class=\" hr_color\" style=\"margin:0 auto 15px;\"\/>\n\n<p class=\"big themecolor\"><i class=\"icon-right-circled\" style=\"color: #c79b7a;\"><\/i><a href=\"tel:+902125550405\">Phone: +90 212 555 04 05<\/a><\/p>\n<p class=\"big themecolor\"><i class=\"icon-right-circled\" style=\"color: #c79b7a;\"><\/i><a href=\"tel:+905525134729\">Mobile: +90 552 513 47 29<\/a><\/p>\n<p class=\"big themecolor\"><i class=\"icon-right-circled\" style=\"color: #c79b7a;\"><\/i><a href=\"tel:+902125550534\">Fax: +90 212 555 05 34<\/a><\/p>\n\n<h4>Sar\u0131yer Office<\/h4>\n<hr class=\" hr_color\" style=\"margin:0 auto 15px;\"\/>\n\n<p class=\"big\">\u0130stinye Caddesi \u015eehit Halil \u0130brahim Caddesi\nNo:25 Kat:2 Daire:8\nSar\u0131yer \u0130stanbul<\/p>\n<ul id=\"\" class=\"cnss-social-icon \" style=\"text-align:left;\"><li class=\"cn-fa-instagram cn-fa-icon \" style=\"display:inline-block;\"><a class=\"\" target=\"_blank\" href=\"https:\/\/instagram.com\/efa_mimarlik\" title=\"Instagram\" style=\"width:48px;height:48px;padding:8px 0;margin:2px;color: #ffffff;border-radius: 0%;\"><i title=\"Instagram\" style=\"font-size:32px;\" class=\"fab fa-instagram\"><\/i><\/a><\/li><li class=\"cn-fa-facebook cn-fa-icon \" style=\"display:inline-block;\"><a class=\"\" target=\"_blank\" href=\"https:\/\/.facebook.com\/pages\/category\/Company\/Efa-Stand-ve--Mimarlk-505936662944948\/\" title=\"Facebook\" style=\"width:48px;height:48px;padding:8px 0;margin:2px;color: #ffffff;border-radius: 0%;\"><i title=\"Facebook\" style=\"font-size:32px;\" class=\"fab fa-facebook-square\"><\/i><\/a><\/li><\/ul>\t\t\t\t\t<\/div>\n\t\t\t\t\t\t<\/div>\n\t\t\t\t<\/div>\n\t\t\t\t\t\t<\/div>\n\t\t\t\t\t<\/div>\n\t\t<\/div>\n\t\t\t\t<div class=\"elementor-column elementor-col-50 elementor-top-column elementor-element elementor-element-9b9ea0e\" data-id=\"9b9ea0e\" data-element_type=\"column\">\n\t\t\t<div class=\"elementor-column-wrap elementor-element-populated\">\n\t\t\t\t\t\t\t<div class=\"elementor-widget-wrap\">\n\t\t\t\t\t\t<div class=\"elementor-element elementor-element-7fdd1b4 elementor-widget elementor-widget-shortcode\" data-id=\"7fdd1b4\" data-element_type=\"widget\" data-widget_type=\"shortcode.default\">\n\t\t\t\t<div class=\"elementor-widget-container\">\n\t\t\t\t\t<div class=\"elementor-shortcode\"><h3 class=\"themecolor\">CONTACT US<\/h3>\n<div role=\"form\" class=\"wpcf7\" id=\"wpcf7-f6-o1\" lang=\"en\" dir=\"ltr\">\n<div class=\"screen-reader-response\"><p role=\"status\" aria-live=\"polite\" aria-atomic=\"true\"><\/p> <ul><\/ul><\/div>\n<form action=\"\/en\/wp-json\/wp\/v2\/pages\/27#wpcf7-f6-o1\" method=\"post\" class=\"wpcf7-form init\" novalidate=\"novalidate\" data-status=\"init\">\n<div style=\"display: none;\">\n<input type=\"hidden\" name=\"_wpcf7\" value=\"6\" \/>\n<input type=\"hidden\" name=\"_wpcf7_version\" value=\"5.5.6.1\" \/>\n<input type=\"hidden\" name=\"_wpcf7_locale\" value=\"en\" \/>\n<input type=\"hidden\" name=\"_wpcf7_unit_tag\" value=\"wpcf7-f6-o1\" \/>\n<input type=\"hidden\" name=\"_wpcf7_container_post\" value=\"0\" \/>\n<input type=\"hidden\" name=\"_wpcf7_posted_data_hash\" value=\"\" \/>\n<input type=\"hidden\" name=\"_wpcf7_recaptcha_response\" value=\"\" \/>\n<\/div>\n<div class=\"column one-second\"><span class=\"wpcf7-form-control-wrap your-name\"><input type=\"text\" name=\"your-name\" value=\"\" size=\"40\" class=\"wpcf7-form-control wpcf7-text wpcf7-validates-as-required\" aria-required=\"true\" aria-invalid=\"false\" placeholder=\"Ad\u0131n\u0131z Soyad\u0131n\u0131z\" \/><\/span> <\/div>\n<div class=\"column one-second\"><span class=\"wpcf7-form-control-wrap your-email\"><input type=\"email\" name=\"your-email\" value=\"\" size=\"40\" class=\"wpcf7-form-control wpcf7-text wpcf7-email wpcf7-validates-as-required wpcf7-validates-as-email\" aria-required=\"true\" aria-invalid=\"false\" placeholder=\"E-Posta Adresiniz\" \/><\/span> <\/div>\n<div class=\"column one\"><span class=\"wpcf7-form-control-wrap your-subject\"><input type=\"text\" name=\"your-subject\" value=\"\" size=\"40\" class=\"wpcf7-form-control wpcf7-text\" aria-invalid=\"false\" placeholder=\"Konu\" \/><\/span> <\/div>\n<div class=\"column one\"><span class=\"wpcf7-form-control-wrap your-message\"><textarea name=\"your-message\" cols=\"40\" rows=\"11\" class=\"wpcf7-form-control wpcf7-textarea\" aria-invalid=\"false\" placeholder=\"Mesaj\u0131n\u0131z\"><\/textarea><\/span><\/div>\n<div class=\"column one\"><input type=\"submit\" value=\"G\u00d6NDER\" class=\"wpcf7-form-control has-spinner wpcf7-submit\" \/><\/div>\n<div class=\"wpcf7-response-output\" aria-hidden=\"true\"><\/div><\/form><\/div><\/div>\n\t\t\t\t<\/div>\n\t\t\t\t<\/div>\n\t\t\t\t\t\t<\/div>\n\t\t\t\t\t<\/div>\n\t\t<\/div>\n\t\t\t\t\t\t\t\t<\/div>\n\t\t\t\t\t<\/div>\n\t\t<\/section>\n\t\t\t\t<section class=\"elementor-section elementor-top-section elementor-element elementor-element-27081dd elementor-section-full_width elementor-section-stretched elementor-section-height-default elementor-section-height-default\" data-id=\"27081dd\" data-element_type=\"section\" data-settings=\"{&quot;stretch_section&quot;:&quot;section-stretched&quot;,&quot;background_background&quot;:&quot;classic&quot;}\">\n\t\t\t\t\t\t<div class=\"elementor-container elementor-column-gap-no\">\n\t\t\t\t\t\t\t<div class=\"elementor-row\">\n\t\t\t\t\t<div class=\"elementor-column elementor-col-100 elementor-top-column elementor-element elementor-element-e62dc05\" data-id=\"e62dc05\" data-element_type=\"column\">\n\t\t\t<div class=\"elementor-column-wrap elementor-element-populated\">\n\t\t\t\t\t\t\t<div class=\"elementor-widget-wrap\">\n\t\t\t\t\t\t<section class=\"elementor-section elementor-inner-section elementor-element elementor-element-dbf3d83 elementor-section-boxed elementor-section-height-default elementor-section-height-default\" data-id=\"dbf3d83\" data-element_type=\"section\">\n\t\t\t\t\t\t<div class=\"elementor-container elementor-column-gap-default\">\n\t\t\t\t\t\t\t<div class=\"elementor-row\">\n\t\t\t\t\t<div class=\"elementor-column elementor-col-50 elementor-inner-column elementor-element elementor-element-6539a8b\" data-id=\"6539a8b\" data-element_type=\"column\">\n\t\t\t<div class=\"elementor-column-wrap elementor-element-populated\">\n\t\t\t\t\t\t\t<div class=\"elementor-widget-wrap\">\n\t\t\t\t\t\t<div class=\"elementor-element elementor-element-42a12ff elementor-widget elementor-widget-text-editor\" data-id=\"42a12ff\" data-element_type=\"widget\" data-widget_type=\"text-editor.default\">\n\t\t\t\t<div class=\"elementor-widget-container\">\n\t\t\t\t\t\t\t\t<div class=\"elementor-text-editor elementor-clearfix\">\n\t\t\t\t\t\t\t\t\t<\/div>\n\t\t\t\t\t\t<\/div>\n\t\t\t\t<\/div>\n\t\t\t\t\t\t<\/div>\n\t\t\t\t\t<\/div>\n\t\t<\/div>\n\t\t\t\t<div class=\"elementor-column elementor-col-50 elementor-inner-column elementor-element elementor-element-2f043a1\" data-id=\"2f043a1\" data-element_type=\"column\">\n\t\t\t<div class=\"elementor-column-wrap elementor-element-populated\">\n\t\t\t\t\t\t\t<div class=\"elementor-widget-wrap\">\n\t\t\t\t\t\t<div class=\"elementor-element elementor-element-010706d elementor-widget elementor-widget-text-editor\" data-id=\"010706d\" data-element_type=\"widget\" data-widget_type=\"text-editor.default\">\n\t\t\t\t<div class=\"elementor-widget-container\">\n\t\t\t\t\t\t\t\t<div class=\"elementor-text-editor elementor-clearfix\">\n\t\t\t\t<p style=\"text-align: right;\"><strong>CONTACT US<\/strong><\/p>\n<p style=\"text-align: right;\"><a style=\"color: #ffffff;\" href=\"https:\/\/goo.gl\/maps\/3Q6JVBcguLXpYvck6\"> Address: Yenibosna Merkez Mahallesi\n<br>\n29 Ekim Caddesi\n<br>\n\u0130stanbul Vizyon Park\n<br>\nPlaza 5 Kat:6 606-607<\/a>\n<br>\nBah\u00e7elievler \/ ISTANUBL<\/p>\t\t\t\t\t<\/div>\n\t\t\t\t\t\t<\/div>\n\t\t\t\t<\/div>\n\t\t\t\t\t\t<\/div>\n\t\t\t\t\t<\/div>\n\t\t<\/div>\n\t\t\t\t\t\t\t\t<\/div>\n\t\t\t\t\t<\/div>\n\t\t<\/section>\n\t\t\t\t<div class=\"elementor-element elementor-element-24f9721 elementor-widget-divider--view-line elementor-widget elementor-widget-divider\" data-id=\"24f9721\" data-element_type=\"widget\" data-widget_type=\"divider.default\">\n\t\t\t\t<div class=\"elementor-widget-container\">\n\t\t\t\t\t<div class=\"elementor-divider\">\n\t\t\t<span class=\"elementor-divider-separator\">\n\t\t\t\t\t\t<\/span>\n\t\t<\/div>\n\t\t\t\t<\/div>\n\t\t\t\t<\/div>\n\t\t\t\t<section class=\"elementor-section elementor-inner-section elementor-element elementor-element-549bfae elementor-section-boxed elementor-section-height-default elementor-section-height-default\" data-id=\"549bfae\" data-element_type=\"section\">\n\t\t\t\t\t\t<div class=\"elementor-container elementor-column-gap-default\">\n\t\t\t\t\t\t\t<div class=\"elementor-row\">\n\t\t\t\t\t<div class=\"elementor-column elementor-col-50 elementor-inner-column elementor-element elementor-element-5dd8be5\" data-id=\"5dd8be5\" data-element_type=\"column\">\n\t\t\t<div class=\"elementor-column-wrap elementor-element-populated\">\n\t\t\t\t\t\t\t<div class=\"elementor-widget-wrap\">\n\t\t\t\t\t\t<div class=\"elementor-element elementor-element-2e40c64 elementor-widget elementor-widget-text-editor\" data-id=\"2e40c64\" data-element_type=\"widget\" data-widget_type=\"text-editor.default\">\n\t\t\t\t<div class=\"elementor-widget-container\">\n\t\t\t\t\t\t\t\t<div class=\"elementor-text-editor elementor-clearfix\">\n\t\t\t\tEFA M\u0130MARLIK \u00ae 2020 ALL RIGHTS RESERVED\t\t\t\t\t<\/div>\n\t\t\t\t\t\t<\/div>\n\t\t\t\t<\/div>\n\t\t\t\t\t\t<\/div>\n\t\t\t\t\t<\/div>\n\t\t<\/div>\n\t\t\t\t<div class=\"elementor-column elementor-col-50 elementor-inner-column elementor-element elementor-element-c2cd656\" data-id=\"c2cd656\" data-element_type=\"column\">\n\t\t\t<div class=\"elementor-column-wrap elementor-element-populated\">\n\t\t\t\t\t\t\t<div class=\"elementor-widget-wrap\">\n\t\t\t\t\t\t<div class=\"elementor-element elementor-element-31c8cdb elementor-widget elementor-widget-text-editor\" data-id=\"31c8cdb\" data-element_type=\"widget\" data-widget_type=\"text-editor.default\">\n\t\t\t\t<div class=\"elementor-widget-container\">\n\t\t\t\t\t\t\t\t<div class=\"elementor-text-editor elementor-clearfix\">\n\t\t\t\t<ul id=\"\" class=\"cnss-social-icon \" style=\"text-align:right;\"><li class=\"cn-fa-instagram cn-fa-icon \" style=\"display:inline-block;\"><a class=\"\" target=\"_blank\" href=\"https:\/\/instagram.com\/efa_mimarlik\" title=\"Instagram\" style=\"width:37px;height:37px;padding:6px 0;margin:2px;color: #ffffff;border-radius: 0%;\"><i title=\"Instagram\" style=\"font-size:25px;\" class=\"fab fa-instagram\"><\/i><\/a><\/li><li class=\"cn-fa-facebook cn-fa-icon \" style=\"display:inline-block;\"><a class=\"\" target=\"_blank\" href=\"https:\/\/.facebook.com\/pages\/category\/Company\/Efa-Stand-ve--Mimarlk-505936662944948\/\" title=\"Facebook\" style=\"width:37px;height:37px;padding:6px 0;margin:2px;color: #ffffff;border-radius: 0%;\"><i title=\"Facebook\" style=\"font-size:25px;\" class=\"fab fa-facebook-square\"><\/i><\/a><\/li><\/ul>\t\t\t\t\t<\/div>\n\t\t\t\t\t\t<\/div>\n\t\t\t\t<\/div>\n\t\t\t\t\t\t<\/div>\n\t\t\t\t\t<\/div>\n\t\t<\/div>\n\t\t\t\t\t\t\t\t<\/div>\n\t\t\t\t\t<\/div>\n\t\t<\/section>\n\t\t\t\t\t\t<\/div>\n\t\t\t\t\t<\/div>\n\t\t<\/div>\n\t\t\t\t\t\t\t\t<\/div>\n\t\t\t\t\t<\/div>\n\t\t<\/section>\n\t\t\t\t\t\t\t\t\t<\/div>\n\t\t\t<\/div>\n\t\t\t\t\t<\/div>\n\t\t","protected":false},"excerpt":{"rendered":"<p>Main Office Yenibosna Merkez Mahallesi 29 Ekim Caddesi No:9 \u0130stanbul Vizyon Park Plaza No:5 Kat:6 D: 606-607 Bah\u00e7elievler \u0130stanbul Phone: +90 212 555 04 05 Mobile:<span class=\"excerpt-hellip\"> [\u2026]<\/span><\/p>\n","protected":false},"author":1,"featured_media":0,"parent":0,"menu_order":0,"comment_status":"closed","ping_status":"closed","template":"","meta":{"footnotes":""},"_links":{"self":[{"href":"https:\/\/www.efamimarlik.com\/en\/wp-json\/wp\/v2\/pages\/27"}],"collection":[{"href":"https:\/\/www.efamimarlik.com\/en\/wp-json\/wp\/v2\/pages"}],"about":[{"href":"https:\/\/www.efamimarlik.com\/en\/wp-json\/wp\/v2\/types\/page"}],"author":[{"embeddable":true,"href":"https:\/\/www.efamimarlik.com\/en\/wp-json\/wp\/v2\/users\/1"}],"replies":[{"embeddable":true,"href":"https:\/\/www.efamimarlik.com\/en\/wp-json\/wp\/v2\/comments?post=27"}],"version-history":[{"count":52,"href":"https:\/\/www.efamimarlik.com\/en\/wp-json\/wp\/v2\/pages\/27\/revisions"}],"predecessor-version":[{"id":582,"href":"https:\/\/www.efamimarlik.com\/en\/wp-json\/wp\/v2\/pages\/27\/revisions\/582"}],"wp:attachment":[{"href":"https:\/\/www.efamimarlik.com\/en\/wp-json\/wp\/v2\/media?parent=27"}],"curies":[{"name":"wp","href":"https:\/\/api.w.org\/{rel}","templated":true}]}}